{"id":48,"date":"2020-04-15T15:59:54","date_gmt":"2020-04-15T13:59:54","guid":{"rendered":"http:\/\/www.iftna.fr\/?page_id=48"},"modified":"2021-11-22T14:22:34","modified_gmt":"2021-11-22T13:22:34","slug":"formation","status":"publish","type":"page","link":"http:\/\/www.if-tnd.fr\/index.php\/formation\/","title":{"rendered":"Les formations"},"content":{"rendered":"\n<h2 class=\"has-text-align-center\">Les formations<\/h2>\n\n\n<p><span style=\"color: #800000;\"><strong>Journ\u00e9e de formation du 10 d\u00e9cembre 2021<\/strong><\/span><\/p>\n<p>Le programme ci-dessous :<\/p>\n<p><a href=\"\/files\/20211210-IFTND-Formation.pdf\" target=\"_blank\" rel=\"noopener noreferrer\"><img decoding=\"async\" loading=\"lazy\" class=\"wp-image-139 size-medium alignnone\" src=\"http:\/\/www.if-tnd.fr\/wp-content\/uploads\/2021\/11\/20211210-IFTND-Formation_Page_1-300x212.jpg\" alt=\"\" width=\"300\" height=\"212\" srcset=\"http:\/\/www.if-tnd.fr\/wp-content\/uploads\/2021\/11\/20211210-IFTND-Formation_Page_1-300x212.jpg 300w, http:\/\/www.if-tnd.fr\/wp-content\/uploads\/2021\/11\/20211210-IFTND-Formation_Page_1-1030x728.jpg 1030w, http:\/\/www.if-tnd.fr\/wp-content\/uploads\/2021\/11\/20211210-IFTND-Formation_Page_1-768x543.jpg 768w, http:\/\/www.if-tnd.fr\/wp-content\/uploads\/2021\/11\/20211210-IFTND-Formation_Page_1-1536x1085.jpg 1536w, http:\/\/www.if-tnd.fr\/wp-content\/uploads\/2021\/11\/20211210-IFTND-Formation_Page_1-2048x1447.jpg 2048w, http:\/\/www.if-tnd.fr\/wp-content\/uploads\/2021\/11\/20211210-IFTND-Formation_Page_1-1500x1060.jpg 1500w, http:\/\/www.if-tnd.fr\/wp-content\/uploads\/2021\/11\/20211210-IFTND-Formation_Page_1-260x185.jpg 260w, http:\/\/www.if-tnd.fr\/wp-content\/uploads\/2021\/11\/20211210-IFTND-Formation_Page_1-705x498.jpg 705w, http:\/\/www.if-tnd.fr\/wp-content\/uploads\/2021\/11\/20211210-IFTND-Formation_Page_1-450x318.jpg 450w\" sizes=\"(max-width: 300px) 100vw, 300px\" \/><\/a><\/p>\n\n<p>Les formations s\u2019adressent \u00e0 diff\u00e9rents types de public.<\/p>\n\n\n<figure class=\"wp-block-table\"><table class=\"\"><tbody><tr><td>Professionnels de la sant\u00e9 et du m\u00e9dicaux social<\/td><td> M\u00e9decins psychiatres, M\u00e9decins g\u00e9n\u00e9ralistes, Psychologues cliniciens, Psychologues-Neuropsychologues, Orthophonistes, Ergoth\u00e9rapeute, Psychomotriciens, Assistants des services sociaux, M\u00e9decins r\u00e9f\u00e9rents MDPH<\/td><\/tr><tr><td> Professionnels de l&rsquo;\u00e9ducation <\/td><td>Enseignements, Orthop\u00e9dagogues, Conseillers d\u2019orientation, P\u00f4les handicap de l\u2019enseignement sup\u00e9rieur, Enseignants r\u00e9f\u00e9rents MDPH<\/td><\/tr><tr><td> Professionnels du travail <\/td><td>M\u00e9decins du travail, Psychologues du travail, Infirmi\u00e8res, Assistants des services sociaux, DRH<\/td><\/tr><tr><td> Patients \/ proches  <\/td><td>Psycho\u00e9ducation\/Education pour la sant\u00e9<\/td><\/tr><tr><td> Grand public \/ M\u00e9dias <\/td><td>Conf\u00e9rences\/Colloques\/Journ\u00e9es<\/td><\/tr><\/tbody><\/table><\/figure>\n\n\n<p>Le calendrier d\u00e9finitif des formations est en cours de pr\u00e9paration pour l\u2019ann\u00e9e 2021 et sera actualis\u00e9 sur le site, notamment en fonction de la situation sanitaire. Les inscriptions se feront en ligne.<\/p>\n<ul>\n<li>Quatre modules de formations (psycho\u00e9ducation) en 8 s\u00e9ances, r\u00e9serv\u00e9s aux patients suivis au CTNDA et leurs proches d\u00e9marrent le 25 janvier.<\/li>\n<li>Cinq modules r\u00e9serv\u00e9s aux professionnels de sant\u00e9 seront propos\u00e9s au printemps&nbsp;:\n<ul>\n<li>Evaluation du TDAH<\/li>\n<li>Prise en charge m\u00e9dicamenteuse<\/li>\n<li>Prise en charges non-m\u00e9dicamenteuses<\/li>\n<li>Les programmes de psycho\u00e9ducation<\/li>\n<li>Le programme Zylowska <span style=\"font-size: inherit;\">pleine conscience et TCC<\/span><\/li>\n<\/ul>\n<\/li>\n<\/ul>","protected":false},"excerpt":{"rendered":"<p>Les formations Journ\u00e9e de formation du 10 d\u00e9cembre 2021 Le programme ci-dessous : Les formations s\u2019adressent \u00e0 diff\u00e9rents types de public. Professionnels de la sant\u00e9 et du m\u00e9dicaux social M\u00e9decins psychiatres, M\u00e9decins g\u00e9n\u00e9ralistes, Psychologues cliniciens, Psychologues-Neuropsychologues, Orthophonistes, Ergoth\u00e9rapeute, Psychomotriciens, Assistants des services sociaux, M\u00e9decins r\u00e9f\u00e9rents MDPH Professionnels de l&rsquo;\u00e9ducation Enseignements, Orthop\u00e9dagogues, Conseillers d\u2019orientation, P\u00f4les handicap [&hellip;]<\/p>\n","protected":false},"author":1,"featured_media":0,"parent":0,"menu_order":0,"comment_status":"closed","ping_status":"closed","template":"","meta":[],"_links":{"self":[{"href":"http:\/\/www.if-tnd.fr\/index.php\/wp-json\/wp\/v2\/pages\/48"}],"collection":[{"href":"http:\/\/www.if-tnd.fr\/index.php\/wp-json\/wp\/v2\/pages"}],"about":[{"href":"http:\/\/www.if-tnd.fr\/index.php\/wp-json\/wp\/v2\/types\/page"}],"author":[{"embeddable":true,"href":"http:\/\/www.if-tnd.fr\/index.php\/wp-json\/wp\/v2\/users\/1"}],"replies":[{"embeddable":true,"href":"http:\/\/www.if-tnd.fr\/index.php\/wp-json\/wp\/v2\/comments?post=48"}],"version-history":[{"count":9,"href":"http:\/\/www.if-tnd.fr\/index.php\/wp-json\/wp\/v2\/pages\/48\/revisions"}],"predecessor-version":[{"id":143,"href":"http:\/\/www.if-tnd.fr\/index.php\/wp-json\/wp\/v2\/pages\/48\/revisions\/143"}],"wp:attachment":[{"href":"http:\/\/www.if-tnd.fr\/index.php\/wp-json\/wp\/v2\/media?parent=48"}],"curies":[{"name":"wp","href":"https:\/\/api.w.org\/{rel}","templated":true}]}}