{"id":41,"date":"2020-04-15T15:55:34","date_gmt":"2020-04-15T13:55:34","guid":{"rendered":"http:\/\/www.iftna.fr\/?page_id=41"},"modified":"2021-03-01T11:56:18","modified_gmt":"2021-03-01T10:56:18","slug":"consultation-au-centre-expert-des-troubles-neuro-developpementaux-chez-ladulte","status":"publish","type":"page","link":"http:\/\/www.if-tnd.fr\/index.php\/consultation-au-centre-expert-des-troubles-neuro-developpementaux-chez-ladulte\/","title":{"rendered":"Les bilans et les prises en charge"},"content":{"rendered":"\n<h2 class=\"has-text-align-center\">Bilans et prises en charge <br>au Centre Expert des Troubles <br>Neuro-d\u00e9veloppementaux chez l\u2019Adulte <\/h2>\n\n\n<p>\u00a0<\/p>\n<p><strong>Les bilans et prises en charge s\u2019effectuent au Centre des Troubles du Neuro-D\u00e9veloppement (TND) chez l\u2019Adulte (CTNDA) <\/strong><\/p>\n<p>La demande de 1<sup>er<\/sup> rdv pour les bilans diagnostiques <strong>se fait uniquement par mail<\/strong> \u00e0 l\u2019adresse <a href=\"ctnda@ghu-paris.fr\">ctnda@ghu-paris.fr.<\/a><\/p>\n<p>Elle devra <strong>obligatoirement \u00eatre accompagn\u00e9e d\u2019un courrier d\u2019un professionnel de sant\u00e9<\/strong> (m\u00e9decin g\u00e9n\u00e9raliste, psychiatre, psychologue, orthophoniste, psychomotricien, ergoth\u00e9rapeute\u2026). Les demandes sont trait\u00e9es dans les meilleurs d\u00e9lais et les r\u00e9ponses sont adress\u00e9es par mails.<\/p>\n<p>Les consultations de bilans et de suivis sont r\u00e9serv\u00e9es aux adultes de plus de 18 ans qui ne sont pas pris en charge par ailleurs et r\u00e9sidants en Ile de France. Une priorit\u00e9 est donn\u00e9e aux personnes du secteur (Paris 5<sup>\u00e8me<\/sup>, 6<sup>\u00e8me<\/sup> et 7<sup>\u00e8me <\/sup>arrondissements).<\/p>\n<p>CTNDA : B\u00e2timent F. 1er \u00e9tage. H\u00f4pital Saint Anne. 1, rue Cabanis. 75014 Paris<\/p>\n<div id=\"wpgmza_map\" class=\"wpgmza_map\" data-settings='{\"id\":\"1\",\"map_title\":\"Adresse Sainte Anne\",\"map_width\":\"100\",\"map_height\":\"400\",\"map_start_lat\":\"48.830763777394054\",\"map_start_lng\":\"2.340503670201568\",\"map_start_location\":\"45.950464398418106,-109.81550500000003\",\"map_start_zoom\":\"14\",\"default_marker\":\"\",\"type\":\"1\",\"alignment\":\"4\",\"directions_enabled\":\"0\",\"styling_enabled\":\"0\",\"styling_json\":\"\",\"active\":\"0\",\"kml\":\"\",\"bicycle\":\"0\",\"traffic\":\"0\",\"dbox\":\"0\",\"dbox_width\":\"\",\"listmarkers\":\"0\",\"listmarkers_advanced\":\"0\",\"filterbycat\":\"0\",\"ugm_enabled\":\"0\",\"ugm_category_enabled\":\"0\",\"fusion\":\"\",\"map_width_type\":\"%\",\"map_height_type\":\"px\",\"mass_marker_support\":\"0\",\"ugm_access\":\"0\",\"order_markers_by\":\"0\",\"order_markers_choice\":\"0\",\"show_user_location\":\"0\",\"default_to\":\"\",\"other_settings\":{\"map_type\":1,\"sl_stroke_color\":\"\",\"sl_fill_color\":\"\",\"sl_stroke_opacity\":\"\",\"sl_fill_opacity\":\"\",\"transport_layer\":false,\"action\":\"wpgmza_save_map\",\"redirect_to\":\"\\\/wp-admin\\\/admin-post.php\",\"map_id\":\"1\",\"http_referer\":\"\\\/wp-admin\\\/admin.php?page=wp-google-maps-menu&amp;override=1&amp;action=edit&amp;map_id=1\",\"wpgmza_id\":\"1\",\"wpgmza_start_location\":\"48.830763777394054,2.340503670201568\",\"wpgmza_start_zoom\":\"14\",\"wpgmza_theme_data\":\"\",\"store_locator_enabled\":false,\"store_locator_search_area\":\"radial\",\"wpgmza_store_locator_radius_style\":\"legacy\",\"wpgmza_store_locator_default_radius\":\"10\",\"store_locator_auto_area_max_zoom\":\"\",\"store_locator_distance\":false,\"wpgmza_store_locator_position\":false,\"store_locator_category\":false,\"wpgmza_store_locator_use_their_location\":false,\"wpgmza_store_locator_bounce\":false,\"wpgmza_sl_animation\":null,\"wpgmza_store_locator_hide_before_search\":false,\"store_locator_query_string\":\"\",\"store_locator_default_address\":\"\",\"store_locator_name_search\":false,\"store_locator_name_string\":\"\",\"store_locator_not_found_message\":\"\",\"wpgmza_map_align\":\"1\",\"jump_to_nearest_marker_on_initialization\":false,\"automatically_pan_to_users_location\":false,\"show_distance_from_location\":false,\"map_max_zoom\":\"21\",\"map_min_zoom\":\"0\",\"click_open_link\":false,\"fit_maps_bounds_to_markers\":false,\"fit_maps_bounds_to_markers_after_filtering\":false,\"hide_point_of_interest\":false,\"wpgmza_zoom_on_marker_click\":false,\"wpgmza_zoom_on_marker_click_slider\":\"\",\"close_infowindow_on_map_click\":false,\"disable_lightbox_images\":false,\"use_Raw_Jpeg_Coordinates\":false,\"polygon_labels\":false,\"wpgmza_kml\":\"\",\"enable_marker_ratings\":false,\"only_load_markers_within_viewport\":false,\"iw_primary_color\":\"\",\"iw_accent_color\":\"\",\"iw_text_color\":\"\",\"wpgmza_listmarkers_by\":\"0\",\"wpgmza_marker_listing_position\":false,\"wpgmza_push_in_map\":false,\"wpgmza_push_in_map_placement\":null,\"wpgmza_push_in_map_width\":\"\",\"wpgmza_push_in_map_height\":\"\",\"datatable_no_result_message\":\"\",\"remove_search_box_datables\":false,\"dataTable_pagination_style\":null,\"datatable_search_string\":\"\",\"datatable_result_start\":\"\",\"datatable_result_of\":\"\",\"datatable_result_to\":\"\",\"datatable_result_total\":\"\",\"datatable_result_show\":\"\",\"datatable_result_entries\":\"\",\"wpgmza_savemap\":\"Enregistrer la carte \\u00bb\"}}' data-map-id='1' Data-maps-engine='google-maps' data-shortcode-attributes='{\"id\":\"1\"}' style=\"display:block; overflow:auto; width:100%; height:400px; float:left;\"><\/div>\n<p>\u00a0<\/p>","protected":false},"excerpt":{"rendered":"<p>Bilans et prises en charge au Centre Expert des Troubles Neuro-d\u00e9veloppementaux chez l\u2019Adulte \u00a0 Les bilans et prises en charge s\u2019effectuent au Centre des Troubles du Neuro-D\u00e9veloppement (TND) chez l\u2019Adulte (CTNDA) La demande de 1er rdv pour les bilans diagnostiques se fait uniquement par mail \u00e0 l\u2019adresse ctnda@ghu-paris.fr. Elle devra obligatoirement \u00eatre accompagn\u00e9e d\u2019un courrier [&hellip;]<\/p>\n","protected":false},"author":1,"featured_media":0,"parent":0,"menu_order":0,"comment_status":"closed","ping_status":"closed","template":"","meta":[],"_links":{"self":[{"href":"http:\/\/www.if-tnd.fr\/index.php\/wp-json\/wp\/v2\/pages\/41"}],"collection":[{"href":"http:\/\/www.if-tnd.fr\/index.php\/wp-json\/wp\/v2\/pages"}],"about":[{"href":"http:\/\/www.if-tnd.fr\/index.php\/wp-json\/wp\/v2\/types\/page"}],"author":[{"embeddable":true,"href":"http:\/\/www.if-tnd.fr\/index.php\/wp-json\/wp\/v2\/users\/1"}],"replies":[{"embeddable":true,"href":"http:\/\/www.if-tnd.fr\/index.php\/wp-json\/wp\/v2\/comments?post=41"}],"version-history":[{"count":10,"href":"http:\/\/www.if-tnd.fr\/index.php\/wp-json\/wp\/v2\/pages\/41\/revisions"}],"predecessor-version":[{"id":138,"href":"http:\/\/www.if-tnd.fr\/index.php\/wp-json\/wp\/v2\/pages\/41\/revisions\/138"}],"wp:attachment":[{"href":"http:\/\/www.if-tnd.fr\/index.php\/wp-json\/wp\/v2\/media?parent=41"}],"curies":[{"name":"wp","href":"https:\/\/api.w.org\/{rel}","templated":true}]}}