{"id":110,"date":"2020-06-01T12:05:33","date_gmt":"2020-06-01T10:05:33","guid":{"rendered":"http:\/\/www.if-tnd.fr\/?page_id=110"},"modified":"2021-03-01T11:46:40","modified_gmt":"2021-03-01T10:46:40","slug":"ctnda","status":"publish","type":"page","link":"http:\/\/www.if-tnd.fr\/index.php\/ctnda\/","title":{"rendered":"Le CTNDA"},"content":{"rendered":"\n<h2 class=\"has-text-align-center\"> CTNDA&nbsp;<\/h2>\n\n\n<p><strong>Le Centre des Troubles du Neuro-D\u00e9veloppement (TND) chez l\u2019Adulte (CTNDA) <\/strong>est un centre expert de diagnostic et de prise en charge multidisciplinaire du TDAH chez l\u2019adulte.<\/p>\n<p>Il propose des bilans :<\/p>\n<ul>\n<li>Evaluation diagnostique, de la s\u00e9v\u00e9rit\u00e9 et des cons\u00e9quences du TDAH<\/li>\n<li>Evaluations d\u00e9taill\u00e9es des caract\u00e9ristiques cliniques du trouble :<\/li>\n<\/ul>\n<ul>\n<li>Fonctions ex\u00e9cutives (distractibilit\u00e9, organisation, planification, gestion du temps, m\u00e9moire de travail, vitesse de traitement de l\u2019information, procrastination\u2026)<\/li>\n<li>Niveau d\u2019activation, psychomotricit\u00e9<\/li>\n<li>R\u00e9gulation des \u00e9motions, impulsivit\u00e9<\/li>\n<li>R\u00e9gulation du sommeil<\/li>\n<li>R\u00e9gulation de la consommation, addictions<\/li>\n<\/ul>\n<p>Il propose diff\u00e9rentes approches th\u00e9rapeutiques individuelles ou en groupe :<\/p>\n<ul>\n<li>Conseils sur les possibilit\u00e9s de traitements m\u00e9dicamenteux<\/li>\n<li>Th\u00e9rapie Cognitive et Comportementale (TCC)<\/li>\n<li>Programme \u00e9ducatif sur le trouble (psycho\u00e9ducation)<\/li>\n<li>Programme de r\u00e9\u00e9ducation de l\u2019attention \u00e0 base m\u00e9ditation pleine conscience (Zylowska)<\/li>\n<li>Rem\u00e9diation cognitive<\/li>\n<li>Protocole de R\u00e9gulation Emotionnelle (PRE)<\/li>\n<li>Th\u00e9rapie Inter-Personnelle Bas\u00e9e sur l\u2019Attachement (TIPA)<\/li>\n<li>Aide \u00e0 la parentalit\u00e9 des parents d\u2019enfants ayant un TDAH et\/ou un TOP (Barkley)<\/li>\n<li>Aide pour les couples et les familles<\/li>\n<li>Ergoth\u00e9rapie<\/li>\n<li>Psychomotricit\u00e9<\/li>\n<li>Groupe de pairs \/ Caf\u00e9 TDAH<\/li>\n<li>Conf\u00e9rences \u00e0 th\u00e8me<\/li>\n<\/ul>\n<p>Il propose \u00e9galement :<\/p>\n<ul>\n<li>Des consultations de recours<\/li>\n<\/ul>\n<p>Les bilans et prises en charges sont assur\u00e9s par des psychiatres, des psychologues, une ergoth\u00e9rapeute et une psychomotricienne.<\/p>\n<p>Des relais sont assur\u00e9s avec le <a href=\"https:\/\/www.ghu-paris.fr\/annuaire-des-structures-medicales\/consultation-addictions-de-ladolescent-et-du-jeune-adulte-cp3a\">CP3A<\/a> et le <a href=\"https:\/\/www.ghu-paris.fr\/fr\/annuaire-des-structures-medicales\/centre-de-therapie-interpersonnelle-ctip\">CTIP<\/a><\/p>","protected":false},"excerpt":{"rendered":"<p>CTNDA&nbsp; Le Centre des Troubles du Neuro-D\u00e9veloppement (TND) chez l\u2019Adulte (CTNDA) est un centre expert de diagnostic et de prise en charge multidisciplinaire du TDAH chez l\u2019adulte. Il propose des bilans : Evaluation diagnostique, de la s\u00e9v\u00e9rit\u00e9 et des cons\u00e9quences du TDAH Evaluations d\u00e9taill\u00e9es des caract\u00e9ristiques cliniques du trouble : Fonctions ex\u00e9cutives (distractibilit\u00e9, organisation, planification, [&hellip;]<\/p>\n","protected":false},"author":1,"featured_media":0,"parent":0,"menu_order":0,"comment_status":"closed","ping_status":"closed","template":"","meta":[],"_links":{"self":[{"href":"http:\/\/www.if-tnd.fr\/index.php\/wp-json\/wp\/v2\/pages\/110"}],"collection":[{"href":"http:\/\/www.if-tnd.fr\/index.php\/wp-json\/wp\/v2\/pages"}],"about":[{"href":"http:\/\/www.if-tnd.fr\/index.php\/wp-json\/wp\/v2\/types\/page"}],"author":[{"embeddable":true,"href":"http:\/\/www.if-tnd.fr\/index.php\/wp-json\/wp\/v2\/users\/1"}],"replies":[{"embeddable":true,"href":"http:\/\/www.if-tnd.fr\/index.php\/wp-json\/wp\/v2\/comments?post=110"}],"version-history":[{"count":5,"href":"http:\/\/www.if-tnd.fr\/index.php\/wp-json\/wp\/v2\/pages\/110\/revisions"}],"predecessor-version":[{"id":134,"href":"http:\/\/www.if-tnd.fr\/index.php\/wp-json\/wp\/v2\/pages\/110\/revisions\/134"}],"wp:attachment":[{"href":"http:\/\/www.if-tnd.fr\/index.php\/wp-json\/wp\/v2\/media?parent=110"}],"curies":[{"name":"wp","href":"https:\/\/api.w.org\/{rel}","templated":true}]}}